{"id":60,"date":"2018-09-06T07:40:02","date_gmt":"2018-09-06T07:40:02","guid":{"rendered":"http:\/\/aquaconsulting.pyx.no\/?page_id=60"},"modified":"2022-01-12T17:54:50","modified_gmt":"2022-01-12T17:54:50","slug":"sales","status":"publish","type":"page","link":"https:\/\/aquaconsulting.no\/en\/sales\/","title":{"rendered":"Sales"},"content":{"rendered":"<p>Aqua Consulting har et bredt nettverk innen akvakultur, og kompetanse innen salg av laks og hvitfisk, salg av tjenester innen IT og tekniske l\u00f8sninger og erfaring med kreditt, toll og logistikk innen oppdrett.<\/p>\n<p>Gjennom \u00e5 bruke Aqua Consulting f\u00e5r man tilgang til en konsulent med salgs bakgrunn og bransjeerfaring i en kort periode for \u00e5 f\u00e5 i gang salg, pr\u00f8ve ut produktet eller tjenesten i markedet &#8211; uten \u00e5 m\u00e5tte ansette i en s\u00e5rbar tidlig fase. En ansettelse er dyrt, og kan v\u00e6re uhensiktsmessig i starten. Bistand fra Aqua Consulting kan v\u00e6re en god l\u00f8sning for \u00e5 f\u00e5 i gang salgsprosesser.<\/p>","protected":false},"excerpt":{"rendered":"<p>Aqua Consulting har et bredt nettverk innen akvakultur, og kompetanse innen salg av laks og hvitfisk, salg av tjenester innen IT og tekniske l\u00f8sninger og erfaring med kreditt, toll og logistikk innen oppdrett. Gjennom \u00e5 bruke Aqua Consulting f\u00e5r man tilgang til en konsulent med salgs bakgrunn og bransjeerfaring i en kort periode for \u00e5 &hellip; <\/p>\n<p class=\"link-more\"><a href=\"https:\/\/aquaconsulting.no\/en\/sales\/\" class=\"more-link\">Continue reading<span class=\"screen-reader-text\"> &laquo;Salg&raquo;<\/span><\/a><\/p>","protected":false},"author":1,"featured_media":0,"parent":0,"menu_order":0,"comment_status":"closed","ping_status":"closed","template":"","meta":{"_acf_changed":false,"footnotes":""},"class_list":["post-60","page","type-page","status-publish","hentry"],"acf":[],"_links":{"self":[{"href":"https:\/\/aquaconsulting.no\/en\/wp-json\/wp\/v2\/pages\/60","targetHints":{"allow":["GET"]}}],"collection":[{"href":"https:\/\/aquaconsulting.no\/en\/wp-json\/wp\/v2\/pages"}],"about":[{"href":"https:\/\/aquaconsulting.no\/en\/wp-json\/wp\/v2\/types\/page"}],"author":[{"embeddable":true,"href":"https:\/\/aquaconsulting.no\/en\/wp-json\/wp\/v2\/users\/1"}],"replies":[{"embeddable":true,"href":"https:\/\/aquaconsulting.no\/en\/wp-json\/wp\/v2\/comments?post=60"}],"version-history":[{"count":0,"href":"https:\/\/aquaconsulting.no\/en\/wp-json\/wp\/v2\/pages\/60\/revisions"}],"wp:attachment":[{"href":"https:\/\/aquaconsulting.no\/en\/wp-json\/wp\/v2\/media?parent=60"}],"curies":[{"name":"wp","href":"https:\/\/api.w.org\/{rel}","templated":true}]}}