{"id":58,"date":"2018-09-06T07:39:56","date_gmt":"2018-09-06T07:39:56","guid":{"rendered":"http:\/\/aquaconsulting.pyx.no\/?page_id=58"},"modified":"2022-01-13T13:11:10","modified_gmt":"2022-01-13T13:11:10","slug":"management-for-hire","status":"publish","type":"page","link":"https:\/\/aquaconsulting.no\/en\/management-for-hire\/","title":{"rendered":"Management for hire"},"content":{"rendered":"<p>Aqua Consulting kan assistere deg med markedsutvikling og salg innen akvakultur. Et nyetablert selskap kan ha nytte av \u00e5 ta inn eksterne ressurser til \u00e5 se p\u00e5 organisasjonen og planen fremover. N\u00e5r man starter opp nytt firma, kommer fra en annen sektor, eller fra utlandet, kan Aqua Consulting assistere med \u00e5 starte opp et kontor, gjerne som interim daglig leder eller \u00e5 assistere i ansettelsesprosess av nye medarbeidere. Med et salgs- og markedsrelatert fokus kan Aqua Consulting assistere dere p\u00e5 veien videre.<\/p>\n<p>&nbsp;<\/p>","protected":false},"excerpt":{"rendered":"<p>Aqua Consulting kan assistere deg med markedsutvikling og salg innen akvakultur. Et nyetablert selskap kan ha nytte av \u00e5 ta inn eksterne ressurser til \u00e5 se p\u00e5 organisasjonen og planen fremover. N\u00e5r man starter opp nytt firma, kommer fra en annen sektor, eller fra utlandet, kan Aqua Consulting assistere med \u00e5 starte opp et kontor, &hellip; <\/p>\n<p class=\"link-more\"><a href=\"https:\/\/aquaconsulting.no\/en\/management-for-hire\/\" class=\"more-link\">Continue reading<span class=\"screen-reader-text\"> &laquo;Management for hire&raquo;<\/span><\/a><\/p>","protected":false},"author":1,"featured_media":0,"parent":0,"menu_order":0,"comment_status":"closed","ping_status":"closed","template":"","meta":{"_acf_changed":false,"footnotes":""},"class_list":["post-58","page","type-page","status-publish","hentry"],"acf":[],"_links":{"self":[{"href":"https:\/\/aquaconsulting.no\/en\/wp-json\/wp\/v2\/pages\/58","targetHints":{"allow":["GET"]}}],"collection":[{"href":"https:\/\/aquaconsulting.no\/en\/wp-json\/wp\/v2\/pages"}],"about":[{"href":"https:\/\/aquaconsulting.no\/en\/wp-json\/wp\/v2\/types\/page"}],"author":[{"embeddable":true,"href":"https:\/\/aquaconsulting.no\/en\/wp-json\/wp\/v2\/users\/1"}],"replies":[{"embeddable":true,"href":"https:\/\/aquaconsulting.no\/en\/wp-json\/wp\/v2\/comments?post=58"}],"version-history":[{"count":0,"href":"https:\/\/aquaconsulting.no\/en\/wp-json\/wp\/v2\/pages\/58\/revisions"}],"wp:attachment":[{"href":"https:\/\/aquaconsulting.no\/en\/wp-json\/wp\/v2\/media?parent=58"}],"curies":[{"name":"wp","href":"https:\/\/api.w.org\/{rel}","templated":true}]}}