{"id":56,"date":"2018-09-06T07:39:46","date_gmt":"2018-09-06T07:39:46","guid":{"rendered":"http:\/\/aquaconsulting.pyx.no\/?page_id=56"},"modified":"2022-01-12T17:55:26","modified_gmt":"2022-01-12T17:55:26","slug":"market-developement","status":"publish","type":"page","link":"https:\/\/aquaconsulting.no\/en\/market-developement\/","title":{"rendered":"Market development"},"content":{"rendered":"<p>Trenger ditt firma hjelp til markedsutvikling? Aqua Consulting har et bredt nettverk innen oppdrettsbransjen, og hjelper b\u00e5de gr\u00fcnderselskaper og etablerte bedrifter med \u00e5 komme i kontakt med relevante akt\u00f8rer.<\/p>\n<p>I en oppstartsfase er det mye som skal p\u00e5 plass, og alle i bedriften har gjerne flere ulike roller samtidig. Tiden strekker ikke alltid til, og viktige oppgaver blir nedprioritert. Salg og markedsf\u00f8ring blir en av mange oppgaver, og kanskje har man har ikke alltid tid eller erfaring med salg. Her kan Aqua Consulting bidra. Aqua Consulting har bred kunnskap om selskaper og prosjekter i bransjen, og kan peke vei til gode samarbeidspartnere for din bedrift.<\/p>","protected":false},"excerpt":{"rendered":"<p>Trenger ditt firma hjelp til markedsutvikling? Aqua Consulting har et bredt nettverk innen oppdrettsbransjen, og hjelper b\u00e5de gr\u00fcnderselskaper og etablerte bedrifter med \u00e5 komme i kontakt med relevante akt\u00f8rer. I en oppstartsfase er det mye som skal p\u00e5 plass, og alle i bedriften har gjerne flere ulike roller samtidig. Tiden strekker ikke alltid til, og &hellip; <\/p>\n<p class=\"link-more\"><a href=\"https:\/\/aquaconsulting.no\/en\/market-developement\/\" class=\"more-link\">Continue reading<span class=\"screen-reader-text\"> &laquo;Markedsutvikling&raquo;<\/span><\/a><\/p>","protected":false},"author":1,"featured_media":0,"parent":0,"menu_order":0,"comment_status":"closed","ping_status":"closed","template":"","meta":{"_acf_changed":false,"footnotes":""},"class_list":["post-56","page","type-page","status-publish","hentry"],"acf":[],"_links":{"self":[{"href":"https:\/\/aquaconsulting.no\/en\/wp-json\/wp\/v2\/pages\/56","targetHints":{"allow":["GET"]}}],"collection":[{"href":"https:\/\/aquaconsulting.no\/en\/wp-json\/wp\/v2\/pages"}],"about":[{"href":"https:\/\/aquaconsulting.no\/en\/wp-json\/wp\/v2\/types\/page"}],"author":[{"embeddable":true,"href":"https:\/\/aquaconsulting.no\/en\/wp-json\/wp\/v2\/users\/1"}],"replies":[{"embeddable":true,"href":"https:\/\/aquaconsulting.no\/en\/wp-json\/wp\/v2\/comments?post=56"}],"version-history":[{"count":0,"href":"https:\/\/aquaconsulting.no\/en\/wp-json\/wp\/v2\/pages\/56\/revisions"}],"wp:attachment":[{"href":"https:\/\/aquaconsulting.no\/en\/wp-json\/wp\/v2\/media?parent=56"}],"curies":[{"name":"wp","href":"https:\/\/api.w.org\/{rel}","templated":true}]}}